{"id":15386,"date":"2020-08-23T20:02:16","date_gmt":"2020-08-24T00:02:16","guid":{"rendered":"\/mas-informacion\/"},"modified":"2024-04-24T07:02:35","modified_gmt":"2024-04-24T11:02:35","slug":"more-information","status":"publish","type":"page","link":"\/es\/more-information\/","title":{"rendered":"M\u00c1S INFORMACI\u00d3N"},"content":{"rendered":"<p>[et_pb_section fb_built=&#8221;1&#8243; admin_label=&#8221;Contact&#8221; _builder_version=&#8221;4.7.4&#8243; background_color=&#8221;#f9f9fb&#8221; background_size=&#8221;initial&#8221; background_position=&#8221;bottom_left&#8221; custom_padding=&#8221;0px|||||&#8221;][et_pb_row _builder_version=&#8221;4.7.4&#8243;][et_pb_column type=&#8221;4_4&#8243; _builder_version=&#8221;4.7.4&#8243; custom_padding=&#8221;|||&#8221; custom_padding__hover=&#8221;|||&#8221;][et_pb_text _builder_version=&#8221;4.7.4&#8243; text_font=&#8221;Lato||||||||&#8221; text_font_size=&#8221;16px&#8221; text_line_height=&#8221;1.5em&#8221; header_font=&#8221;Tenor Sans||||||||&#8221; header_font_size=&#8221;58px&#8221; header_2_font=&#8221;Abril Fatface||||||||&#8221; header_2_font_size=&#8221;60px&#8221; header_2_line_height=&#8221;1.2em&#8221; text_orientation=&#8221;center&#8221; max_width=&#8221;1021px&#8221; module_alignment=&#8221;center&#8221; custom_margin=&#8221;|||28px||&#8221; custom_padding=&#8221;|1px||||&#8221; hover_enabled=&#8221;0&#8243; header_2_font_size_tablet=&#8221;50px&#8221; header_2_font_size_phone=&#8221;32px&#8221; header_2_font_size_last_edited=&#8221;on|desktop&#8221; locked=&#8221;off&#8221; header_text_color=&#8221;#000000&#8243; text_text_color=&#8221;#000000&#8243; sticky_enabled=&#8221;0&#8243;]<\/p>\n<h1>HABLEMOS<\/h1>\n<div class=\"et_pb_row et_pb_row_2\">\n<div class=\"et_pb_column et_pb_column_4_4 et_pb_column_2 et_pb_css_mix_blend_mode_passthrough et-last-child\">\n<div class=\"et_pb_module et_pb_text et_pb_text_1 et_pb_text_align_center et_pb_bg_layout_light\">\n<div class=\"et_pb_text_inner\">\n<p><span class=\"JsGRdQ\">Estamos orgullosos de ofrecer un plan de compensaci\u00f3n competitivo y revolucionario que te recompensa a medida que compartes nuestros productos con los dem\u00e1s, herramientas y formaci\u00f3n inigualables en nuestros Pasos hacia el \u00e9xito de Bravenly, y un programa de reconocimiento e incentivos de \u00e9lite. \u00bfNo est\u00e1s conectado a un socio de marca de Bravenly y quieres saber m\u00e1s? Nos encantar\u00eda conocer su opini\u00f3n.<\/span><\/p>\n<\/div>\n<\/div>\n<\/div>\n<\/div>\n<p>[\/et_pb_text][\/et_pb_column][\/et_pb_row][\/et_pb_section][et_pb_section fb_built=&#8221;1&#8243; _builder_version=&#8221;4.7.4&#8243; _module_preset=&#8221;default&#8221;][et_pb_row _builder_version=&#8221;4.7.4&#8243; _module_preset=&#8221;default&#8221;][et_pb_column type=&#8221;4_4&#8243; _builder_version=&#8221;4.7.4&#8243; _module_preset=&#8221;default&#8221;][et_pb_wpt_gravityform gravityform_id=&#8221;gf-2&#8243; _builder_version=&#8221;4.7.4&#8243; _module_preset=&#8221;default&#8221; hover_enabled=&#8221;0&#8243; sticky_enabled=&#8221;0&#8243;][\/et_pb_wpt_gravityform][\/et_pb_column][\/et_pb_row][\/et_pb_section]<\/p>\n","protected":false},"excerpt":{"rendered":"<p>HABLEMOS Estamos orgullosos de ofrecer un plan de compensaci\u00f3n competitivo y revolucionario que te recompensa a medida que compartes nuestros productos con los dem\u00e1s, herramientas y formaci\u00f3n inigualables en nuestros Pasos hacia el \u00e9xito de Bravenly, y un programa de reconocimiento e incentivos de \u00e9lite. \u00bfNo est\u00e1s conectado a un socio de marca de Bravenly [&hellip;]<\/p>\n","protected":false},"author":191432655,"featured_media":0,"parent":0,"menu_order":0,"comment_status":"closed","ping_status":"closed","template":"","meta":{"_et_pb_use_builder":"on","_et_pb_old_content":"","_et_gb_content_width":"","_coblocks_attr":"","_coblocks_dimensions":"","_coblocks_responsive_height":"","_coblocks_accordion_ie_support":"","footnotes":""},"class_list":["post-15386","page","type-page","status-publish","hentry"],"_links":{"self":[{"href":"https:\/\/brookegirres.bravenlyglobal.com\/es\/wp-json\/wp\/v2\/pages\/15386","targetHints":{"allow":["GET"]}}],"collection":[{"href":"https:\/\/brookegirres.bravenlyglobal.com\/es\/wp-json\/wp\/v2\/pages"}],"about":[{"href":"https:\/\/brookegirres.bravenlyglobal.com\/es\/wp-json\/wp\/v2\/types\/page"}],"author":[{"embeddable":true,"href":"https:\/\/brookegirres.bravenlyglobal.com\/es\/wp-json\/wp\/v2\/users\/191432655"}],"replies":[{"embeddable":true,"href":"https:\/\/brookegirres.bravenlyglobal.com\/es\/wp-json\/wp\/v2\/comments?post=15386"}],"version-history":[{"count":0,"href":"https:\/\/brookegirres.bravenlyglobal.com\/es\/wp-json\/wp\/v2\/pages\/15386\/revisions"}],"wp:attachment":[{"href":"https:\/\/brookegirres.bravenlyglobal.com\/es\/wp-json\/wp\/v2\/media?parent=15386"}],"curies":[{"name":"wp","href":"https:\/\/api.w.org\/{rel}","templated":true}]}}